{"id":214,"date":"2022-09-25T08:00:52","date_gmt":"2022-09-25T08:00:52","guid":{"rendered":"https:\/\/medyol.com\/?page_id=214"},"modified":"2022-12-06T12:42:00","modified_gmt":"2022-12-06T12:42:00","slug":"contact-us","status":"publish","type":"page","link":"https:\/\/medyol.com\/ar\/contact-us\/","title":{"rendered":"\u0627\u062a\u0635\u0644 \u0628\u0646\u0627"},"content":{"rendered":"<div data-elementor-type=\"wp-page\" data-elementor-id=\"214\" class=\"elementor elementor-214\">\n\t\t\t\t\t\t\t\t\t<section data-particle_enable=\"false\" data-particle-mobile-disabled=\"false\" class=\"elementor-section elementor-top-section elementor-element elementor-element-44302edb elementor-section-stretched elementor-section-full_width elementor-section-height-default elementor-section-height-default\" data-id=\"44302edb\" data-element_type=\"section\" data-settings=\"{&quot;stretch_section&quot;:&quot;section-stretched&quot;}\">\n\t\t\t\t\t\t<div class=\"elementor-container elementor-column-gap-no\">\n\t\t\t\t\t<div class=\"elementor-column elementor-col-100 elementor-top-column elementor-element elementor-element-b2f3032\" data-id=\"b2f3032\" data-element_type=\"column\">\n\t\t\t<div class=\"elementor-widget-wrap elementor-element-populated\">\n\t\t\t\t\t\t\t\t<div class=\"elementor-element elementor-element-764dfd85 elementor-widget elementor-widget-google_maps\" data-id=\"764dfd85\" data-element_type=\"widget\" data-widget_type=\"google_maps.default\">\n\t\t\t\t<div class=\"elementor-widget-container\">\n\t\t\t<style>\/*! elementor - v3.7.7 - 20-09-2022 *\/\n.elementor-widget-google_maps .elementor-widget-container{overflow:hidden}.elementor-widget-google_maps iframe{height:300px}<\/style>\t\t<div class=\"elementor-custom-embed\">\n\t\t\t<iframe frameborder=\"0\" scrolling=\"no\" marginheight=\"0\" marginwidth=\"0\"\n\t\t\t\t\tsrc=\"https:\/\/maps.google.com\/maps?q=4QFC%2B4J5%20Ba%C5%9Fak%C5%9Fehir%2C%20%C4%B0stanbul%2C%20Turkey&#038;t=m&#038;z=10&#038;output=embed&#038;iwloc=near\"\n\t\t\t\t\ttitle=\"4QFC+4J5 Ba\u015fak\u015fehir, \u0130stanbul, Turkey\"\n\t\t\t\t\taria-label=\"4QFC+4J5 Ba\u015fak\u015fehir, \u0130stanbul, Turkey\"\n\t\t\t><\/iframe>\n\t\t<\/div>\n\t\t\t\t<\/div>\n\t\t\t\t<\/div>\n\t\t\t\t\t<\/div>\n\t\t<\/div>\n\t\t\t\t\t\t\t<\/div>\n\t\t<\/section>\n\t\t\t\t<section data-particle_enable=\"false\" data-particle-mobile-disabled=\"false\" class=\"elementor-section elementor-top-section elementor-element elementor-element-11c172e3 elementor-section-boxed elementor-section-height-default elementor-section-height-default\" data-id=\"11c172e3\" data-element_type=\"section\">\n\t\t\t\t\t\t<div class=\"elementor-container elementor-column-gap-no\">\n\t\t\t\t\t<div class=\"elementor-column elementor-col-33 elementor-top-column elementor-element elementor-element-767fc2d2\" data-id=\"767fc2d2\" data-element_type=\"column\">\n\t\t\t<div class=\"elementor-widget-wrap elementor-element-populated\">\n\t\t\t\t\t\t\t\t<div class=\"elementor-element elementor-element-214ca3b5 elementor-widget elementor-widget-spacer\" data-id=\"214ca3b5\" data-element_type=\"widget\" data-widget_type=\"spacer.default\">\n\t\t\t\t<div class=\"elementor-widget-container\">\n\t\t\t<style>\/*! elementor - v3.7.7 - 20-09-2022 *\/\n.elementor-column .elementor-spacer-inner{height:var(--spacer-size)}.e-container{--container-widget-width:100%}.e-container>.elementor-widget-spacer{width:var(--container-widget-width,var(--spacer-size));-ms-flex-item-align:stretch;align-self:stretch;-ms-flex-negative:0;flex-shrink:0}.e-container>.elementor-widget-spacer>.elementor-widget-container,.e-container>.elementor-widget-spacer>.elementor-widget-container>.elementor-spacer{height:100%}.e-container>.elementor-widget-spacer>.elementor-widget-container>.elementor-spacer>.elementor-spacer-inner{height:var(--container-widget-height,var(--spacer-size))}<\/style>\t\t<div class=\"elementor-spacer\">\n\t\t\t<div class=\"elementor-spacer-inner\"><\/div>\n\t\t<\/div>\n\t\t\t\t<\/div>\n\t\t\t\t<\/div>\n\t\t\t\t<div class=\"elementor-element elementor-element-5d50f766 elementor-widget elementor-widget-heading\" data-id=\"5d50f766\" data-element_type=\"widget\" data-widget_type=\"heading.default\">\n\t\t\t\t<div class=\"elementor-widget-container\">\n\t\t\t<style>\/*! elementor - v3.7.7 - 20-09-2022 *\/\n.elementor-heading-title{padding:0;margin:0;line-height:1}.elementor-widget-heading .elementor-heading-title[class*=elementor-size-]>a{color:inherit;font-size:inherit;line-height:inherit}.elementor-widget-heading .elementor-heading-title.elementor-size-small{font-size:15px}.elementor-widget-heading .elementor-heading-title.elementor-size-medium{font-size:19px}.elementor-widget-heading .elementor-heading-title.elementor-size-large{font-size:29px}.elementor-widget-heading .elementor-heading-title.elementor-size-xl{font-size:39px}.elementor-widget-heading .elementor-heading-title.elementor-size-xxl{font-size:59px}<\/style><h5 class=\"elementor-heading-title elementor-size-default\">\u0645\u0639\u0644\u0648\u0645\u0627\u062a \u0627\u0644\u062a\u0648\u0627\u0635\u0644<\/h5>\t\t<\/div>\n\t\t\t\t<\/div>\n\t\t\t\t<div class=\"elementor-element elementor-element-43e32af elementor-widget elementor-widget-text-editor\" data-id=\"43e32af\" data-element_type=\"widget\" data-widget_type=\"text-editor.default\">\n\t\t\t\t<div class=\"elementor-widget-container\">\n\t\t\t<style>\/*! elementor - v3.7.7 - 20-09-2022 *\/\n.elementor-widget-text-editor.elementor-drop-cap-view-stacked .elementor-drop-cap{background-color:#818a91;color:#fff}.elementor-widget-text-editor.elementor-drop-cap-view-framed .elementor-drop-cap{color:#818a91;border:3px solid;background-color:transparent}.elementor-widget-text-editor:not(.elementor-drop-cap-view-default) .elementor-drop-cap{margin-top:8px}.elementor-widget-text-editor:not(.elementor-drop-cap-view-default) .elementor-drop-cap-letter{width:1em;height:1em}.elementor-widget-text-editor .elementor-drop-cap{float:left;text-align:center;line-height:1;font-size:50px}.elementor-widget-text-editor .elementor-drop-cap-letter{display:inline-block}<\/style>\t\t\t\t<p>\u0628\u0639\u0636 \u0627\u0644\u0645\u0639\u0644\u0648\u0645\u0627\u062a \u0627\u0644\u062a\u064a \u0642\u062f \u062a\u0631\u063a\u0628 \u0641\u064a \u0645\u0639\u0631\u0641\u062a\u0647\u0627<\/p>\t\t\t\t\t\t<\/div>\n\t\t\t\t<\/div>\n\t\t\t\t<div class=\"elementor-element elementor-element-76771c6e elementor-widget elementor-widget-text-editor\" data-id=\"76771c6e\" data-element_type=\"widget\" data-widget_type=\"text-editor.default\">\n\t\t\t\t<div class=\"elementor-widget-container\">\n\t\t\t\t\t\t\t<div class=\"woostify-contact-info\"><div class=\"contact-info-list\"><div class=\"contact-info-detail\"><p><img loading=\"lazy\" decoding=\"async\" class=\"alignnone size-medium wp-image-627\" src=\"https:\/\/medyol.com\/wp-content\/uploads\/2022\/10\/photo_2022-10-26_10-16-56-283x300.jpg\" alt=\"\" width=\"283\" height=\"300\" srcset=\"https:\/\/medyol.com\/wp-content\/uploads\/2022\/10\/photo_2022-10-26_10-16-56-283x300.jpg 283w, https:\/\/medyol.com\/wp-content\/uploads\/2022\/10\/photo_2022-10-26_10-16-56-966x1024.jpg 966w, https:\/\/medyol.com\/wp-content\/uploads\/2022\/10\/photo_2022-10-26_10-16-56-768x814.jpg 768w, https:\/\/medyol.com\/wp-content\/uploads\/2022\/10\/photo_2022-10-26_10-16-56-11x12.jpg 11w, https:\/\/medyol.com\/wp-content\/uploads\/2022\/10\/photo_2022-10-26_10-16-56-600x636.jpg 600w, https:\/\/medyol.com\/wp-content\/uploads\/2022\/10\/photo_2022-10-26_10-16-56.jpg 1019w\" sizes=\"auto, (max-width: 283px) 100vw, 283px\" \/><img loading=\"lazy\" decoding=\"async\" class=\"alignnone size-medium wp-image-625\" src=\"https:\/\/medyol.com\/wp-content\/uploads\/2022\/10\/WhatsApp-Image-2022-10-23-at-17.14.06-283x300.jpeg\" alt=\"\" width=\"283\" height=\"300\" srcset=\"https:\/\/medyol.com\/wp-content\/uploads\/2022\/10\/WhatsApp-Image-2022-10-23-at-17.14.06-283x300.jpeg 283w, https:\/\/medyol.com\/wp-content\/uploads\/2022\/10\/WhatsApp-Image-2022-10-23-at-17.14.06-966x1024.jpeg 966w, https:\/\/medyol.com\/wp-content\/uploads\/2022\/10\/WhatsApp-Image-2022-10-23-at-17.14.06-768x814.jpeg 768w, https:\/\/medyol.com\/wp-content\/uploads\/2022\/10\/WhatsApp-Image-2022-10-23-at-17.14.06-11x12.jpeg 11w, https:\/\/medyol.com\/wp-content\/uploads\/2022\/10\/WhatsApp-Image-2022-10-23-at-17.14.06-600x636.jpeg 600w, https:\/\/medyol.com\/wp-content\/uploads\/2022\/10\/WhatsApp-Image-2022-10-23-at-17.14.06.jpeg 1019w\" sizes=\"auto, (max-width: 283px) 100vw, 283px\" \/><\/p><p><label>\u0631\u0642\u0645 \u0627\u0644\u0647\u0627\u062a\u0641<\/label><\/p><h6>0090 552 206 69 51<\/h6><\/div><\/div><div class=\"contact-info-list\"><div class=\"contact-info-detail\"><p><label>\u0627\u0644\u0639\u0646\u0648\u0627\u0646<\/label><\/p><h6>Kayaba\u015f\u0131 Mah. Gazi Ya\u015fargil Cad. T2 Block No. 2T i\u00e7 kap\u0131 No. 8 Ba\u015fak\u015fehir Istanbul T\u00fcrkiye<\/h6><\/div><\/div><div class=\"contact-info-list\"><div class=\"contact-info-detail\"><p><label>\u0627\u0644\u0628\u0631\u064a\u062f \u0627\u0644\u0625\u0644\u0643\u062a\u0631\u0648\u0646\u064a<\/label><\/p><h6>info@medyol.com<\/h6><\/div><\/div><\/div>\t\t\t\t\t\t<\/div>\n\t\t\t\t<\/div>\n\t\t\t\t\t<\/div>\n\t\t<\/div>\n\t\t\t\t<div class=\"elementor-column elementor-col-66 elementor-top-column elementor-element elementor-element-1dae58d6\" data-id=\"1dae58d6\" data-element_type=\"column\">\n\t\t\t<div class=\"elementor-widget-wrap elementor-element-populated\">\n\t\t\t\t\t\t\t\t<div class=\"elementor-element elementor-element-4f42c608 elementor-widget elementor-widget-spacer\" data-id=\"4f42c608\" data-element_type=\"widget\" data-widget_type=\"spacer.default\">\n\t\t\t\t<div class=\"elementor-widget-container\">\n\t\t\t\t\t<div class=\"elementor-spacer\">\n\t\t\t<div class=\"elementor-spacer-inner\"><\/div>\n\t\t<\/div>\n\t\t\t\t<\/div>\n\t\t\t\t<\/div>\n\t\t\t\t<div class=\"elementor-element elementor-element-63cdfae6 elementor-widget elementor-widget-heading\" data-id=\"63cdfae6\" data-element_type=\"widget\" data-widget_type=\"heading.default\">\n\t\t\t\t<div class=\"elementor-widget-container\">\n\t\t\t<h5 class=\"elementor-heading-title elementor-size-default\">\u0627\u062a\u0631\u0643 \u0631\u0633\u0627\u0644\u062a\u0643<\/h5>\t\t<\/div>\n\t\t\t\t<\/div>\n\t\t\t\t<div class=\"elementor-element elementor-element-5f588c80 elementor-widget elementor-widget-text-editor\" data-id=\"5f588c80\" data-element_type=\"widget\" data-widget_type=\"text-editor.default\">\n\t\t\t\t<div class=\"elementor-widget-container\">\n\t\t\t\t\t\t\t<p>\u0644\u0627 \u062a\u062a\u0631\u062f\u062f \u0641\u064a \u0627\u0644\u0627\u062a\u0635\u0627\u0644 \u0628\u0646\u0627 \u0628\u0627\u0633\u062a\u062e\u062f\u0627\u0645  \u0627\u0644\u0641\u0648\u0631\u0645<\/p>\t\t\t\t\t\t<\/div>\n\t\t\t\t<\/div>\n\t\t\t\t<div class=\"elementor-element elementor-element-3cb36415 elementor-widget elementor-widget-shortcode\" data-id=\"3cb36415\" data-element_type=\"widget\" data-widget_type=\"shortcode.default\">\n\t\t\t\t<div class=\"elementor-widget-container\">\n\t\t\t\t\t<div class=\"elementor-shortcode\"><div role=\"form\" class=\"wpcf7\" id=\"wpcf7-f221-o1\" lang=\"en-US\" dir=\"ltr\">\n<div class=\"screen-reader-response\"><p role=\"status\" aria-live=\"polite\" aria-atomic=\"true\"><\/p> <ul><\/ul><\/div>\n<form action=\"\/ar\/wp-json\/wp\/v2\/pages\/214#wpcf7-f221-o1\" method=\"post\" class=\"wpcf7-form init\" novalidate=\"novalidate\" data-status=\"init\" data-trp-original-action=\"\/ar\/wp-json\/wp\/v2\/pages\/214#wpcf7-f221-o1\">\n<div style=\"display: none;\">\n<input type=\"hidden\" name=\"_wpcf7\" value=\"221\" \/>\n<input type=\"hidden\" name=\"_wpcf7_version\" value=\"5.6.3\" \/>\n<input type=\"hidden\" name=\"_wpcf7_locale\" value=\"en_US\" \/>\n<input type=\"hidden\" name=\"_wpcf7_unit_tag\" value=\"wpcf7-f221-o1\" \/>\n<input type=\"hidden\" name=\"_wpcf7_container_post\" value=\"0\" \/>\n<input type=\"hidden\" name=\"_wpcf7_posted_data_hash\" value=\"\" \/>\n<input type=\"hidden\" name=\"_wpcf7_recaptcha_response\" value=\"\" \/>\n<\/div>\n<div class=\"woostify-contact-form\">\n<div class=\"row\">\n<div class=\"col-md-6\">\n            <span class=\"wpcf7-form-control-wrap\" data-name=\"your-name\"><input type=\"text\" name=\"your-name\" value=\"\" size=\"40\" class=\"wpcf7-form-control wpcf7-text wpcf7-validates-as-required\" aria-required=\"true\" aria-invalid=\"false\" placeholder=\"\u0627\u0644\u0625\u0633\u0645\" \/><\/span>\n        <\/div>\n<div class=\"col-md-6\">\n        \t<span class=\"wpcf7-form-control-wrap\" data-name=\"your-email\"><input type=\"email\" name=\"your-email\" value=\"\" size=\"40\" class=\"wpcf7-form-control wpcf7-text wpcf7-email wpcf7-validates-as-required wpcf7-validates-as-email\" aria-required=\"true\" aria-invalid=\"false\" placeholder=\"\u0627\u0644\u0628\u0631\u064a\u062f \u0627\u0644\u0625\u0644\u0643\u062a\u0631\u0648\u0646\u064a\" \/><\/span>\n        <\/div>\n<\/div>\n<p>    <span class=\"wpcf7-form-control-wrap\" data-name=\"your-message\"><textarea name=\"your-message\" cols=\"40\" rows=\"10\" class=\"wpcf7-form-control wpcf7-textarea wpcf7-validates-as-required\" aria-required=\"true\" aria-invalid=\"false\" placeholder=\"\u0627\u0644\u0631\u0633\u0627\u0644\u0629\"><\/textarea><\/span><\/p>\n<div class=\"row\">\n<div class=\"col-md-6\">\n           <input type=\"submit\" value=\"\u0625\u0631\u0633\u0627\u0644\" class=\"wpcf7-form-control has-spinner wpcf7-submit button\" \/>\n        <\/div>\n<div class=\"col-md-6\">\n<span class=\"wpcf7-form-control-wrap recaptcha\" data-name=\"recaptcha\"><span data-sitekey=\"6LeUKVUjAAAAAHAXYFHTRY1PeqN1NNkPh9jmdJAJ\" data-align=\"right\" class=\"wpcf7-form-control g-recaptcha wpcf7-recaptcha\"><\/span>\r\n<noscript>\r\n\t<div class=\"grecaptcha-noscript\">\r\n\t\t<iframe loading=\"lazy\" src=\"https:\/\/www.google.com\/recaptcha\/api\/fallback?k=6LeUKVUjAAAAAHAXYFHTRY1PeqN1NNkPh9jmdJAJ\" frameborder=\"0\" scrolling=\"no\" width=\"310\" height=\"430\">\r\n\t\t<\/iframe>\r\n\t\t<textarea name=\"g-recaptcha-response\" rows=\"3\" cols=\"40\" placeholder=\"reCaptcha Response Here\" data-no-translation-placeholder=\"\">\r\n\t\t<\/textarea>\r\n\t<\/div>\r\n<\/noscript>\r\n<\/span>\n<\/div>\n<\/div>\n<\/div>\n<div class=\"wpcf7-response-output\" aria-hidden=\"true\"><\/div><input type=\"hidden\" name=\"trp-form-language\" value=\"ar\"\/><\/form><\/div><\/div>\n\t\t\t\t<\/div>\n\t\t\t\t<\/div>\n\t\t\t\t\t<\/div>\n\t\t<\/div>\n\t\t\t\t\t\t\t<\/div>\n\t\t<\/section>\n\t\t\t\t<section data-particle_enable=\"false\" data-particle-mobile-disabled=\"false\" class=\"elementor-section elementor-top-section elementor-element elementor-element-5e137124 elementor-section-boxed elementor-section-height-default elementor-section-height-default\" data-id=\"5e137124\" data-element_type=\"section\">\n\t\t\t\t\t\t<div class=\"elementor-container elementor-column-gap-default\">\n\t\t\t\t\t<div class=\"elementor-column elementor-col-100 elementor-top-column elementor-element elementor-element-5fbd5d05\" data-id=\"5fbd5d05\" data-element_type=\"column\">\n\t\t\t<div class=\"elementor-widget-wrap elementor-element-populated\">\n\t\t\t\t\t\t\t\t<div class=\"elementor-element elementor-element-37f0c871 elementor-widget elementor-widget-spacer\" data-id=\"37f0c871\" data-element_type=\"widget\" data-widget_type=\"spacer.default\">\n\t\t\t\t<div class=\"elementor-widget-container\">\n\t\t\t\t\t<div class=\"elementor-spacer\">\n\t\t\t<div class=\"elementor-spacer-inner\"><\/div>\n\t\t<\/div>\n\t\t\t\t<\/div>\n\t\t\t\t<\/div>\n\t\t\t\t\t<\/div>\n\t\t<\/div>\n\t\t\t\t\t\t\t<\/div>\n\t\t<\/section>\n\t\t\t\t\t\t\t<\/div>","protected":false},"excerpt":{"rendered":"<p>Contact Info. Some information that you may want to know Phone Number 0090 552 206 69 51 Address Kayaba\u015f\u0131 Mah&#8230;.<\/p>","protected":false},"author":1,"featured_media":0,"parent":0,"menu_order":0,"comment_status":"closed","ping_status":"closed","template":"","meta":{"footnotes":""},"class_list":["post-214","page","type-page","status-publish","hentry"],"_links":{"self":[{"href":"https:\/\/medyol.com\/ar\/wp-json\/wp\/v2\/pages\/214","targetHints":{"allow":["GET"]}}],"collection":[{"href":"https:\/\/medyol.com\/ar\/wp-json\/wp\/v2\/pages"}],"about":[{"href":"https:\/\/medyol.com\/ar\/wp-json\/wp\/v2\/types\/page"}],"author":[{"embeddable":true,"href":"https:\/\/medyol.com\/ar\/wp-json\/wp\/v2\/users\/1"}],"replies":[{"embeddable":true,"href":"https:\/\/medyol.com\/ar\/wp-json\/wp\/v2\/comments?post=214"}],"version-history":[{"count":24,"href":"https:\/\/medyol.com\/ar\/wp-json\/wp\/v2\/pages\/214\/revisions"}],"predecessor-version":[{"id":1118,"href":"https:\/\/medyol.com\/ar\/wp-json\/wp\/v2\/pages\/214\/revisions\/1118"}],"wp:attachment":[{"href":"https:\/\/medyol.com\/ar\/wp-json\/wp\/v2\/media?parent=214"}],"curies":[{"name":"wp","href":"https:\/\/api.w.org\/{rel}","templated":true}]}}